{"id":89,"date":"2021-06-21T16:14:47","date_gmt":"2021-06-21T19:14:47","guid":{"rendered":"https:\/\/ldacabamentos.com.br\/blog\/?page_id=89"},"modified":"2021-06-23T12:14:59","modified_gmt":"2021-06-23T15:14:59","slug":"89-2","status":"publish","type":"page","link":"https:\/\/ldacabamentos.com.br\/blog\/","title":{"rendered":"Home"},"content":{"rendered":"<div class=\"pt-cv-wrapper\"><div class=\"pt-cv-view pt-cv-grid pt-cv-colsys\" id=\"pt-cv-view-e6599e28rn\"><div data-id=\"pt-cv-page-1\" class=\"pt-cv-page\" data-cvc=\"3\"><div class=\"col-md-4 col-sm-6 col-xs-12 pt-cv-content-item pt-cv-1-col\" ><div class='pt-cv-ifield'><a href=\"https:\/\/ldacabamentos.com.br\/blog\/manual-de-instrucoes-tecnicas-origami-castelatto\/\" class=\"_self pt-cv-href-thumbnail pt-cv-thumb-default\" target=\"_self\" ><img loading=\"lazy\" decoding=\"async\" width=\"790\" height=\"727\" src=\"https:\/\/ldacabamentos.com.br\/blog\/wp-content\/uploads\/2021\/12\/chrome_Bw181Vf1sb.png\" class=\"pt-cv-thumbnail\" alt=\"\" srcset=\"https:\/\/ldacabamentos.com.br\/blog\/wp-content\/uploads\/2021\/12\/chrome_Bw181Vf1sb.png 790w, https:\/\/ldacabamentos.com.br\/blog\/wp-content\/uploads\/2021\/12\/chrome_Bw181Vf1sb-300x276.png 300w, https:\/\/ldacabamentos.com.br\/blog\/wp-content\/uploads\/2021\/12\/chrome_Bw181Vf1sb-768x707.png 768w\" sizes=\"auto, (max-width: 790px) 100vw, 790px\" \/><\/a>\n<h4 class=\"pt-cv-title\"><a href=\"https:\/\/ldacabamentos.com.br\/blog\/manual-de-instrucoes-tecnicas-origami-castelatto\/\" class=\"_self\" target=\"_self\" >Manual de Instru\u00e7\u00f5es T\u00e9cnicas ORIGAMI\u2013 Castelatto<\/a><\/h4>\n<div class=\"pt-cv-meta-fields\"><span class=\"entry-date\"> <time datetime=\"2021-12-13T14:41:22-03:00\">13 de dezembro de 2021<\/time><\/span><span> \/ <\/span><span class=\"terms\"> <a href='https:\/\/ldacabamentos.com.br\/blog\/category\/manuais\/castelatto\/' title='Castelatto' class='pt-cv-tax-castelatto'>Castelatto<\/a>, <a href='https:\/\/ldacabamentos.com.br\/blog\/category\/manuais\/' title='Manuais T\u00e9cnicos' class='pt-cv-tax-manuais'>Manuais T\u00e9cnicos<\/a><\/span><\/div><\/div><\/div>\n<div class=\"col-md-4 col-sm-6 col-xs-12 pt-cv-content-item pt-cv-1-col\" ><div class='pt-cv-ifield'><a href=\"https:\/\/ldacabamentos.com.br\/blog\/assentamento-linha-moledo-castelatto\/\" class=\"_self pt-cv-href-thumbnail pt-cv-thumb-default\" target=\"_self\" ><img loading=\"lazy\" decoding=\"async\" width=\"1280\" height=\"720\" src=\"https:\/\/ldacabamentos.com.br\/blog\/wp-content\/uploads\/2021\/12\/maxresdefault.jpg\" class=\"pt-cv-thumbnail\" alt=\"\" srcset=\"https:\/\/ldacabamentos.com.br\/blog\/wp-content\/uploads\/2021\/12\/maxresdefault.jpg 1280w, https:\/\/ldacabamentos.com.br\/blog\/wp-content\/uploads\/2021\/12\/maxresdefault-300x169.jpg 300w, https:\/\/ldacabamentos.com.br\/blog\/wp-content\/uploads\/2021\/12\/maxresdefault-1024x576.jpg 1024w, https:\/\/ldacabamentos.com.br\/blog\/wp-content\/uploads\/2021\/12\/maxresdefault-768x432.jpg 768w\" sizes=\"auto, (max-width: 1280px) 100vw, 1280px\" \/><\/a>\n<h4 class=\"pt-cv-title\"><a href=\"https:\/\/ldacabamentos.com.br\/blog\/assentamento-linha-moledo-castelatto\/\" class=\"_self\" target=\"_self\" >Assentamento Linha Moledo Castelatto<\/a><\/h4>\n<div class=\"pt-cv-meta-fields\"><span class=\"entry-date\"> <time datetime=\"2021-12-13T14:23:11-03:00\">13 de dezembro de 2021<\/time><\/span><span> \/ <\/span><span class=\"terms\"> <a href='https:\/\/ldacabamentos.com.br\/blog\/category\/manuais\/castelatto\/' title='Castelatto' class='pt-cv-tax-castelatto'>Castelatto<\/a>, <a href='https:\/\/ldacabamentos.com.br\/blog\/category\/manuais\/' title='Manuais T\u00e9cnicos' class='pt-cv-tax-manuais'>Manuais T\u00e9cnicos<\/a><\/span><\/div><\/div><\/div>\n<div class=\"col-md-4 col-sm-6 col-xs-12 pt-cv-content-item pt-cv-1-col\" ><div class='pt-cv-ifield'><a href=\"https:\/\/ldacabamentos.com.br\/blog\/25-anos-linha-direta-acabamentos\/\" class=\"_self pt-cv-href-thumbnail pt-cv-thumb-default\" target=\"_self\" ><img loading=\"lazy\" decoding=\"async\" width=\"360\" height=\"240\" src=\"https:\/\/ldacabamentos.com.br\/blog\/wp-content\/uploads\/2021\/06\/Untitled-2.jpg\" class=\"pt-cv-thumbnail\" alt=\"\" srcset=\"https:\/\/ldacabamentos.com.br\/blog\/wp-content\/uploads\/2021\/06\/Untitled-2.jpg 360w, https:\/\/ldacabamentos.com.br\/blog\/wp-content\/uploads\/2021\/06\/Untitled-2-300x200.jpg 300w\" sizes=\"auto, (max-width: 360px) 100vw, 360px\" \/><\/a>\n<h4 class=\"pt-cv-title\"><a href=\"https:\/\/ldacabamentos.com.br\/blog\/25-anos-linha-direta-acabamentos\/\" class=\"_self\" target=\"_self\" >25 ANOS LINHA DIRETA ACABAMENTOS<\/a><\/h4>\n<div class=\"pt-cv-meta-fields\"><span class=\"entry-date\"> <time datetime=\"2021-06-29T14:50:25-03:00\">29 de junho de 2021<\/time><\/span><span> \/ <\/span><span class=\"terms\"> <a href='https:\/\/ldacabamentos.com.br\/blog\/category\/noticias\/' title='Noticias' class='pt-cv-tax-noticias'>Noticias<\/a><\/span><\/div><\/div><\/div>\n<div class=\"col-md-4 col-sm-6 col-xs-12 pt-cv-content-item pt-cv-1-col\" ><div class='pt-cv-ifield'><a href=\"https:\/\/ldacabamentos.com.br\/blog\/linha-direta-acabamentos-celebra-25-anos\/\" class=\"_self pt-cv-href-thumbnail pt-cv-thumb-default\" target=\"_self\" ><img loading=\"lazy\" decoding=\"async\" width=\"360\" height=\"240\" src=\"https:\/\/ldacabamentos.com.br\/blog\/wp-content\/uploads\/2021\/06\/Untitled-1-1.jpg\" class=\"pt-cv-thumbnail\" alt=\"\" srcset=\"https:\/\/ldacabamentos.com.br\/blog\/wp-content\/uploads\/2021\/06\/Untitled-1-1.jpg 360w, https:\/\/ldacabamentos.com.br\/blog\/wp-content\/uploads\/2021\/06\/Untitled-1-1-300x200.jpg 300w\" sizes=\"auto, (max-width: 360px) 100vw, 360px\" \/><\/a>\n<h4 class=\"pt-cv-title\"><a href=\"https:\/\/ldacabamentos.com.br\/blog\/linha-direta-acabamentos-celebra-25-anos\/\" class=\"_self\" target=\"_self\" >LINHA DIRETA ACABAMENTOS CELEBRA 25 ANOS<\/a><\/h4>\n<div class=\"pt-cv-meta-fields\"><span class=\"entry-date\"> <time datetime=\"2021-06-29T14:36:29-03:00\">29 de junho de 2021<\/time><\/span><span> \/ <\/span><span class=\"terms\"> <a href='https:\/\/ldacabamentos.com.br\/blog\/category\/noticias\/' title='Noticias' class='pt-cv-tax-noticias'>Noticias<\/a><\/span><\/div><\/div><\/div>\n<div class=\"col-md-4 col-sm-6 col-xs-12 pt-cv-content-item pt-cv-1-col\" ><div class='pt-cv-ifield'><a href=\"https:\/\/ldacabamentos.com.br\/blog\/manual-de-instrucoes-tecnicas-moss-castelatto\/\" class=\"_self pt-cv-href-thumbnail pt-cv-thumb-default\" target=\"_self\" ><img loading=\"lazy\" decoding=\"async\" width=\"360\" height=\"240\" src=\"https:\/\/ldacabamentos.com.br\/blog\/wp-content\/uploads\/2021\/06\/castelatto-moss.jpg\" class=\"pt-cv-thumbnail\" alt=\"\" srcset=\"https:\/\/ldacabamentos.com.br\/blog\/wp-content\/uploads\/2021\/06\/castelatto-moss.jpg 360w, https:\/\/ldacabamentos.com.br\/blog\/wp-content\/uploads\/2021\/06\/castelatto-moss-300x200.jpg 300w\" sizes=\"auto, (max-width: 360px) 100vw, 360px\" \/><\/a>\n<h4 class=\"pt-cv-title\"><a href=\"https:\/\/ldacabamentos.com.br\/blog\/manual-de-instrucoes-tecnicas-moss-castelatto\/\" class=\"_self\" target=\"_self\" >Manual de Instru\u00e7\u00f5es T\u00e9cnicas MOSS \u2013 Castelatto<\/a><\/h4>\n<div class=\"pt-cv-meta-fields\"><span class=\"entry-date\"> <time datetime=\"2021-06-24T10:56:14-03:00\">24 de junho de 2021<\/time><\/span><span> \/ <\/span><span class=\"terms\"> <a href='https:\/\/ldacabamentos.com.br\/blog\/category\/manuais\/castelatto\/' title='Castelatto' class='pt-cv-tax-castelatto'>Castelatto<\/a>, <a href='https:\/\/ldacabamentos.com.br\/blog\/category\/manuais\/' title='Manuais T\u00e9cnicos' class='pt-cv-tax-manuais'>Manuais T\u00e9cnicos<\/a><\/span><\/div><\/div><\/div>\n<div class=\"col-md-4 col-sm-6 col-xs-12 pt-cv-content-item pt-cv-1-col\" ><div class='pt-cv-ifield'><a href=\"https:\/\/ldacabamentos.com.br\/blog\/manual-de-instrucoes-tecnicas-moledo-castelatto\/\" class=\"_self pt-cv-href-thumbnail pt-cv-thumb-default\" target=\"_self\" ><img loading=\"lazy\" decoding=\"async\" width=\"360\" height=\"240\" src=\"https:\/\/ldacabamentos.com.br\/blog\/wp-content\/uploads\/2021\/06\/castelatto-pedrmoledo.jpg\" class=\"pt-cv-thumbnail\" alt=\"\" srcset=\"https:\/\/ldacabamentos.com.br\/blog\/wp-content\/uploads\/2021\/06\/castelatto-pedrmoledo.jpg 360w, https:\/\/ldacabamentos.com.br\/blog\/wp-content\/uploads\/2021\/06\/castelatto-pedrmoledo-300x200.jpg 300w\" sizes=\"auto, (max-width: 360px) 100vw, 360px\" \/><\/a>\n<h4 class=\"pt-cv-title\"><a href=\"https:\/\/ldacabamentos.com.br\/blog\/manual-de-instrucoes-tecnicas-moledo-castelatto\/\" class=\"_self\" target=\"_self\" >Manual de Instru\u00e7\u00f5es T\u00e9cnicas MOLEDO \u2013 Castelatto<\/a><\/h4>\n<div class=\"pt-cv-meta-fields\"><span class=\"entry-date\"> <time datetime=\"2021-06-24T10:55:20-03:00\">24 de junho de 2021<\/time><\/span><span> \/ <\/span><span class=\"terms\"> <a href='https:\/\/ldacabamentos.com.br\/blog\/category\/manuais\/castelatto\/' title='Castelatto' class='pt-cv-tax-castelatto'>Castelatto<\/a>, <a href='https:\/\/ldacabamentos.com.br\/blog\/category\/manuais\/' title='Manuais T\u00e9cnicos' class='pt-cv-tax-manuais'>Manuais T\u00e9cnicos<\/a><\/span><\/div><\/div><\/div>\n<div class=\"col-md-4 col-sm-6 col-xs-12 pt-cv-content-item pt-cv-1-col\" ><div class='pt-cv-ifield'><a href=\"https:\/\/ldacabamentos.com.br\/blog\/manual-de-instrucoes-tecnicas-6h-castelatto\/\" class=\"_self pt-cv-href-thumbnail pt-cv-thumb-default\" target=\"_self\" ><img loading=\"lazy\" decoding=\"async\" width=\"360\" height=\"240\" src=\"https:\/\/ldacabamentos.com.br\/blog\/wp-content\/uploads\/2021\/06\/castelatto-6h.jpg\" class=\"pt-cv-thumbnail\" alt=\"\" srcset=\"https:\/\/ldacabamentos.com.br\/blog\/wp-content\/uploads\/2021\/06\/castelatto-6h.jpg 360w, https:\/\/ldacabamentos.com.br\/blog\/wp-content\/uploads\/2021\/06\/castelatto-6h-300x200.jpg 300w\" sizes=\"auto, (max-width: 360px) 100vw, 360px\" \/><\/a>\n<h4 class=\"pt-cv-title\"><a href=\"https:\/\/ldacabamentos.com.br\/blog\/manual-de-instrucoes-tecnicas-6h-castelatto\/\" class=\"_self\" target=\"_self\" >Manual de Instru\u00e7\u00f5es T\u00e9cnicas 6H \u2013 Castelatto<\/a><\/h4>\n<div class=\"pt-cv-meta-fields\"><span class=\"entry-date\"> <time datetime=\"2021-06-24T10:45:12-03:00\">24 de junho de 2021<\/time><\/span><span> \/ <\/span><span class=\"terms\"> <a href='https:\/\/ldacabamentos.com.br\/blog\/category\/manuais\/castelatto\/' title='Castelatto' class='pt-cv-tax-castelatto'>Castelatto<\/a>, <a href='https:\/\/ldacabamentos.com.br\/blog\/category\/manuais\/' title='Manuais T\u00e9cnicos' class='pt-cv-tax-manuais'>Manuais T\u00e9cnicos<\/a><\/span><\/div><\/div><\/div>\n<div class=\"col-md-4 col-sm-6 col-xs-12 pt-cv-content-item pt-cv-1-col\" ><div class='pt-cv-ifield'><a href=\"https:\/\/ldacabamentos.com.br\/blog\/manual-de-instrucoes-tecnicas-5h-castelatto\/\" class=\"_self pt-cv-href-thumbnail pt-cv-thumb-default\" target=\"_self\" ><img loading=\"lazy\" decoding=\"async\" width=\"360\" height=\"240\" src=\"https:\/\/ldacabamentos.com.br\/blog\/wp-content\/uploads\/2021\/06\/castelatto-5h.jpg\" class=\"pt-cv-thumbnail\" alt=\"\" srcset=\"https:\/\/ldacabamentos.com.br\/blog\/wp-content\/uploads\/2021\/06\/castelatto-5h.jpg 360w, https:\/\/ldacabamentos.com.br\/blog\/wp-content\/uploads\/2021\/06\/castelatto-5h-300x200.jpg 300w\" sizes=\"auto, (max-width: 360px) 100vw, 360px\" \/><\/a>\n<h4 class=\"pt-cv-title\"><a href=\"https:\/\/ldacabamentos.com.br\/blog\/manual-de-instrucoes-tecnicas-5h-castelatto\/\" class=\"_self\" target=\"_self\" >Manual de Instru\u00e7\u00f5es T\u00e9cnicas 5H \u2013 Castelatto<\/a><\/h4>\n<div class=\"pt-cv-meta-fields\"><span class=\"entry-date\"> <time datetime=\"2021-06-24T10:44:26-03:00\">24 de junho de 2021<\/time><\/span><span> \/ <\/span><span class=\"terms\"> <a href='https:\/\/ldacabamentos.com.br\/blog\/category\/manuais\/castelatto\/' title='Castelatto' class='pt-cv-tax-castelatto'>Castelatto<\/a>, <a href='https:\/\/ldacabamentos.com.br\/blog\/category\/manuais\/' title='Manuais T\u00e9cnicos' class='pt-cv-tax-manuais'>Manuais T\u00e9cnicos<\/a><\/span><\/div><\/div><\/div>\n<div class=\"col-md-4 col-sm-6 col-xs-12 pt-cv-content-item pt-cv-1-col\" ><div class='pt-cv-ifield'><a href=\"https:\/\/ldacabamentos.com.br\/blog\/manual-de-instrucoes-tecnicas-4h-castelatto\/\" class=\"_self pt-cv-href-thumbnail pt-cv-thumb-default\" target=\"_self\" ><img loading=\"lazy\" decoding=\"async\" width=\"360\" height=\"240\" src=\"https:\/\/ldacabamentos.com.br\/blog\/wp-content\/uploads\/2021\/06\/castelatto-4h.jpg\" class=\"pt-cv-thumbnail\" alt=\"\" srcset=\"https:\/\/ldacabamentos.com.br\/blog\/wp-content\/uploads\/2021\/06\/castelatto-4h.jpg 360w, https:\/\/ldacabamentos.com.br\/blog\/wp-content\/uploads\/2021\/06\/castelatto-4h-300x200.jpg 300w\" sizes=\"auto, (max-width: 360px) 100vw, 360px\" \/><\/a>\n<h4 class=\"pt-cv-title\"><a href=\"https:\/\/ldacabamentos.com.br\/blog\/manual-de-instrucoes-tecnicas-4h-castelatto\/\" class=\"_self\" target=\"_self\" >Manual de Instru\u00e7\u00f5es T\u00e9cnicas 4H \u2013 Castelatto<\/a><\/h4>\n<div class=\"pt-cv-meta-fields\"><span class=\"entry-date\"> <time datetime=\"2021-06-24T09:51:31-03:00\">24 de junho de 2021<\/time><\/span><span> \/ <\/span><span class=\"terms\"> <a href='https:\/\/ldacabamentos.com.br\/blog\/category\/manuais\/castelatto\/' title='Castelatto' class='pt-cv-tax-castelatto'>Castelatto<\/a>, <a href='https:\/\/ldacabamentos.com.br\/blog\/category\/manuais\/' title='Manuais T\u00e9cnicos' class='pt-cv-tax-manuais'>Manuais T\u00e9cnicos<\/a><\/span><\/div><\/div><\/div>\n<div class=\"col-md-4 col-sm-6 col-xs-12 pt-cv-content-item pt-cv-1-col\" ><div class='pt-cv-ifield'><a href=\"https:\/\/ldacabamentos.com.br\/blog\/manual-de-instrucoes-tecnicas-3h-castelatto\/\" class=\"_self pt-cv-href-thumbnail pt-cv-thumb-default\" target=\"_self\" ><img loading=\"lazy\" decoding=\"async\" width=\"360\" height=\"240\" src=\"https:\/\/ldacabamentos.com.br\/blog\/wp-content\/uploads\/2021\/06\/castelatto-3h.jpg\" class=\"pt-cv-thumbnail\" alt=\"\" srcset=\"https:\/\/ldacabamentos.com.br\/blog\/wp-content\/uploads\/2021\/06\/castelatto-3h.jpg 360w, https:\/\/ldacabamentos.com.br\/blog\/wp-content\/uploads\/2021\/06\/castelatto-3h-300x200.jpg 300w\" sizes=\"auto, (max-width: 360px) 100vw, 360px\" \/><\/a>\n<h4 class=\"pt-cv-title\"><a href=\"https:\/\/ldacabamentos.com.br\/blog\/manual-de-instrucoes-tecnicas-3h-castelatto\/\" class=\"_self\" target=\"_self\" >Manual de Instru\u00e7\u00f5es T\u00e9cnicas 3H \u2013 Castelatto<\/a><\/h4>\n<div class=\"pt-cv-meta-fields\"><span class=\"entry-date\"> <time datetime=\"2021-06-23T15:47:14-03:00\">23 de junho de 2021<\/time><\/span><span> \/ <\/span><span class=\"terms\"> <a href='https:\/\/ldacabamentos.com.br\/blog\/category\/manuais\/castelatto\/' title='Castelatto' class='pt-cv-tax-castelatto'>Castelatto<\/a>, <a href='https:\/\/ldacabamentos.com.br\/blog\/category\/manuais\/' title='Manuais T\u00e9cnicos' class='pt-cv-tax-manuais'>Manuais T\u00e9cnicos<\/a><\/span><\/div><\/div><\/div>\n<div class=\"col-md-4 col-sm-6 col-xs-12 pt-cv-content-item pt-cv-1-col\" ><div class='pt-cv-ifield'><a href=\"https:\/\/ldacabamentos.com.br\/blog\/manual-de-instrucoes-tecnicas-2h-castelatto\/\" class=\"_self pt-cv-href-thumbnail pt-cv-thumb-default\" target=\"_self\" ><img loading=\"lazy\" decoding=\"async\" width=\"360\" height=\"240\" src=\"https:\/\/ldacabamentos.com.br\/blog\/wp-content\/uploads\/2021\/06\/castelatto-2h.jpg\" class=\"pt-cv-thumbnail\" alt=\"\" srcset=\"https:\/\/ldacabamentos.com.br\/blog\/wp-content\/uploads\/2021\/06\/castelatto-2h.jpg 360w, https:\/\/ldacabamentos.com.br\/blog\/wp-content\/uploads\/2021\/06\/castelatto-2h-300x200.jpg 300w\" sizes=\"auto, (max-width: 360px) 100vw, 360px\" \/><\/a>\n<h4 class=\"pt-cv-title\"><a href=\"https:\/\/ldacabamentos.com.br\/blog\/manual-de-instrucoes-tecnicas-2h-castelatto\/\" class=\"_self\" target=\"_self\" >Manual de Instru\u00e7\u00f5es T\u00e9cnicas 2H \u2013 Castelatto<\/a><\/h4>\n<div class=\"pt-cv-meta-fields\"><span class=\"entry-date\"> <time datetime=\"2021-06-23T14:45:08-03:00\">23 de junho de 2021<\/time><\/span><span> \/ <\/span><span class=\"terms\"> <a href='https:\/\/ldacabamentos.com.br\/blog\/category\/manuais\/castelatto\/' title='Castelatto' class='pt-cv-tax-castelatto'>Castelatto<\/a>, <a href='https:\/\/ldacabamentos.com.br\/blog\/category\/manuais\/' title='Manuais T\u00e9cnicos' class='pt-cv-tax-manuais'>Manuais T\u00e9cnicos<\/a><\/span><\/div><\/div><\/div>\n<div class=\"col-md-4 col-sm-6 col-xs-12 pt-cv-content-item pt-cv-1-col\" ><div class='pt-cv-ifield'><a href=\"https:\/\/ldacabamentos.com.br\/blog\/manual-de-instrucoes-tecnicas-castelatto\/\" class=\"_self pt-cv-href-thumbnail pt-cv-thumb-default\" target=\"_self\" ><img loading=\"lazy\" decoding=\"async\" width=\"360\" height=\"240\" src=\"https:\/\/ldacabamentos.com.br\/blog\/wp-content\/uploads\/2021\/06\/castelatto-1h.jpg\" class=\"pt-cv-thumbnail\" alt=\"\" srcset=\"https:\/\/ldacabamentos.com.br\/blog\/wp-content\/uploads\/2021\/06\/castelatto-1h.jpg 360w, https:\/\/ldacabamentos.com.br\/blog\/wp-content\/uploads\/2021\/06\/castelatto-1h-300x200.jpg 300w\" sizes=\"auto, (max-width: 360px) 100vw, 360px\" \/><\/a>\n<h4 class=\"pt-cv-title\"><a href=\"https:\/\/ldacabamentos.com.br\/blog\/manual-de-instrucoes-tecnicas-castelatto\/\" class=\"_self\" target=\"_self\" >Manual de Instru\u00e7\u00f5es T\u00e9cnicas 1H- Castelatto<\/a><\/h4>\n<div class=\"pt-cv-meta-fields\"><span class=\"entry-date\"> <time datetime=\"2021-06-23T11:21:02-03:00\">23 de junho de 2021<\/time><\/span><span> \/ <\/span><span class=\"terms\"> <a href='https:\/\/ldacabamentos.com.br\/blog\/category\/manuais\/castelatto\/' title='Castelatto' class='pt-cv-tax-castelatto'>Castelatto<\/a>, <a href='https:\/\/ldacabamentos.com.br\/blog\/category\/manuais\/' title='Manuais T\u00e9cnicos' class='pt-cv-tax-manuais'>Manuais T\u00e9cnicos<\/a><\/span><\/div><\/div><\/div><\/div><\/div>\n<div class=\" pt-cv-pagination-wrapper\"><ul class=\"pt-cv-pagination pt-cv-normal pagination\" data-totalpages=\"2\" data-currentpage=\"1\" data-sid=\"e6599e28rn\" data-unid=\"\" data-isblock=\"\" data-postid=\"\"><li class=\"active\"><a href=\"#\">1<\/a><\/li>\n\t<li ><a class=\"\" href=\"https:\/\/ldacabamentos.com.br\/blog\/wp-json\/wp\/v2\/pages\/89\/?_page=2\">2<\/a><\/li>\n\t<li ><a class=\" \" href=\"https:\/\/ldacabamentos.com.br\/blog\/wp-json\/wp\/v2\/pages\/89\/?_page=2\">&rsaquo;<\/a><\/li>\n\t<\/ul><img loading=\"lazy\" decoding=\"async\" width=\"15\" height=\"15\" class=\"pt-cv-spinner\" alt=\"Carregando...;\" src=\"data:image\/gif;base64,R0lGODlhDwAPALMPAMrKygwMDJOTkz09PZWVla+vr3p6euTk5M7OzuXl5TMzMwAAAJmZmWZmZszMzP\/\/\/yH\/C05FVFNDQVBFMi4wAwEAAAAh+QQFCgAPACwAAAAADwAPAAAEQvDJaZaZOIcV8iQK8VRX4iTYoAwZ4iCYoAjZ4RxejhVNoT+mRGP4cyF4Pp0N98sBGIBMEMOotl6YZ3S61Bmbkm4mAgAh+QQFCgAPACwAAAAADQANAAAENPDJSRSZeA418itN8QiK8BiLITVsFiyBBIoYqnoewAD4xPw9iY4XLGYSjkQR4UAUD45DLwIAIfkEBQoADwAsAAAAAA8ACQAABC\/wyVlamTi3nSdgwFNdhEJgTJoNyoB9ISYoQmdjiZPcj7EYCAeCF1gEDo4Dz2eIAAAh+QQFCgAPACwCAAAADQANAAAEM\/DJBxiYeLKdX3IJZT1FU0iIg2RNKx3OkZVnZ98ToRD4MyiDnkAh6BkNC0MvsAj0kMpHBAAh+QQFCgAPACwGAAAACQAPAAAEMDC59KpFDll73HkAA2wVY5KgiK5b0RRoI6MuzG6EQqCDMlSGheEhUAgqgUUAFRySIgAh+QQFCgAPACwCAAIADQANAAAEM\/DJKZNLND\/kkKaHc3xk+QAMYDKsiaqmZCxGVjSFFCxB1vwy2oOgIDxuucxAMTAJFAJNBAAh+QQFCgAPACwAAAYADwAJAAAEMNAs86q1yaWwwv2Ig0jUZx3OYa4XoRAfwADXoAwfo1+CIjyFRuEho60aSNYlOPxEAAAh+QQFCgAPACwAAAIADQANAAAENPA9s4y8+IUVcqaWJ4qEQozSoAzoIyhCK2NFU2SJk0hNnyEOhKR2AzAAj4Pj4GE4W0bkJQIAOw==\" \/><div class=\"clear pt-cv-clear-pagination\"><\/div><\/div><\/div>\n","protected":false},"excerpt":{"rendered":"","protected":false},"author":1,"featured_media":0,"parent":0,"menu_order":0,"comment_status":"closed","ping_status":"closed","template":"","meta":{"footnotes":""},"class_list":["post-89","page","type-page","status-publish","hentry"],"yoast_head":"<!-- This site is optimized with the Yoast SEO plugin v27.2 - https:\/\/yoast.com\/product\/yoast-seo-wordpress\/ -->\n<title>Home - Blog Linha Direta<\/title>\n<meta name=\"robots\" content=\"index, follow, max-snippet:-1, max-image-preview:large, max-video-preview:-1\" \/>\n<link rel=\"canonical\" href=\"https:\/\/ldacabamentos.com.br\/blog\/\" \/>\n<meta property=\"og:locale\" content=\"pt_BR\" \/>\n<meta property=\"og:type\" content=\"article\" \/>\n<meta property=\"og:title\" content=\"Home - Blog Linha Direta\" \/>\n<meta property=\"og:url\" content=\"https:\/\/ldacabamentos.com.br\/blog\/\" \/>\n<meta property=\"og:site_name\" content=\"Blog Linha Direta\" \/>\n<meta property=\"article:publisher\" content=\"https:\/\/www.facebook.com\/LDacabamentos\/\" \/>\n<meta property=\"article:modified_time\" content=\"2021-06-23T15:14:59+00:00\" \/>\n<meta name=\"twitter:card\" content=\"summary_large_image\" \/>\n<meta name=\"twitter:label1\" content=\"Est. tempo de leitura\" \/>\n\t<meta name=\"twitter:data1\" content=\"1 minuto\" \/>\n<script type=\"application\/ld+json\" class=\"yoast-schema-graph\">{\"@context\":\"https:\/\/schema.org\",\"@graph\":[{\"@type\":\"WebPage\",\"@id\":\"https:\/\/ldacabamentos.com.br\/blog\/\",\"url\":\"https:\/\/ldacabamentos.com.br\/blog\/\",\"name\":\"Home - Blog Linha Direta\",\"isPartOf\":{\"@id\":\"https:\/\/ldacabamentos.com.br\/blog\/#website\"},\"datePublished\":\"2021-06-21T19:14:47+00:00\",\"dateModified\":\"2021-06-23T15:14:59+00:00\",\"breadcrumb\":{\"@id\":\"https:\/\/ldacabamentos.com.br\/blog\/#breadcrumb\"},\"inLanguage\":\"pt-BR\",\"potentialAction\":[{\"@type\":\"ReadAction\",\"target\":[\"https:\/\/ldacabamentos.com.br\/blog\/\"]}]},{\"@type\":\"BreadcrumbList\",\"@id\":\"https:\/\/ldacabamentos.com.br\/blog\/#breadcrumb\",\"itemListElement\":[{\"@type\":\"ListItem\",\"position\":1,\"name\":\"In\u00edcio\",\"item\":\"https:\/\/ldacabamentos.com.br\/blog\/\"},{\"@type\":\"ListItem\",\"position\":2,\"name\":\"Home\"}]},{\"@type\":\"WebSite\",\"@id\":\"https:\/\/ldacabamentos.com.br\/blog\/#website\",\"url\":\"https:\/\/ldacabamentos.com.br\/blog\/\",\"name\":\"Blog Linha Direta\",\"description\":\"\",\"publisher\":{\"@id\":\"https:\/\/ldacabamentos.com.br\/blog\/#organization\"},\"potentialAction\":[{\"@type\":\"SearchAction\",\"target\":{\"@type\":\"EntryPoint\",\"urlTemplate\":\"https:\/\/ldacabamentos.com.br\/blog\/?s={search_term_string}\"},\"query-input\":{\"@type\":\"PropertyValueSpecification\",\"valueRequired\":true,\"valueName\":\"search_term_string\"}}],\"inLanguage\":\"pt-BR\"},{\"@type\":\"Organization\",\"@id\":\"https:\/\/ldacabamentos.com.br\/blog\/#organization\",\"name\":\"Blog Linha Direta\",\"url\":\"https:\/\/ldacabamentos.com.br\/blog\/\",\"logo\":{\"@type\":\"ImageObject\",\"inLanguage\":\"pt-BR\",\"@id\":\"https:\/\/ldacabamentos.com.br\/blog\/#\/schema\/logo\/image\/\",\"url\":\"https:\/\/ldacabamentos.com.br\/blog\/wp-content\/uploads\/2021\/06\/cropped-cropped-Linha-Direta2-2.png\",\"contentUrl\":\"https:\/\/ldacabamentos.com.br\/blog\/wp-content\/uploads\/2021\/06\/cropped-cropped-Linha-Direta2-2.png\",\"width\":1500,\"height\":592,\"caption\":\"Blog Linha Direta\"},\"image\":{\"@id\":\"https:\/\/ldacabamentos.com.br\/blog\/#\/schema\/logo\/image\/\"},\"sameAs\":[\"https:\/\/www.facebook.com\/LDacabamentos\/\",\"https:\/\/www.instagram.com\/linhadiretaacabamentos\/\"]}]}<\/script>\n<!-- \/ Yoast SEO plugin. -->","yoast_head_json":{"title":"Home - Blog Linha Direta","robots":{"index":"index","follow":"follow","max-snippet":"max-snippet:-1","max-image-preview":"max-image-preview:large","max-video-preview":"max-video-preview:-1"},"canonical":"https:\/\/ldacabamentos.com.br\/blog\/","og_locale":"pt_BR","og_type":"article","og_title":"Home - Blog Linha Direta","og_url":"https:\/\/ldacabamentos.com.br\/blog\/","og_site_name":"Blog Linha Direta","article_publisher":"https:\/\/www.facebook.com\/LDacabamentos\/","article_modified_time":"2021-06-23T15:14:59+00:00","twitter_card":"summary_large_image","twitter_misc":{"Est. tempo de leitura":"1 minuto"},"schema":{"@context":"https:\/\/schema.org","@graph":[{"@type":"WebPage","@id":"https:\/\/ldacabamentos.com.br\/blog\/","url":"https:\/\/ldacabamentos.com.br\/blog\/","name":"Home - Blog Linha Direta","isPartOf":{"@id":"https:\/\/ldacabamentos.com.br\/blog\/#website"},"datePublished":"2021-06-21T19:14:47+00:00","dateModified":"2021-06-23T15:14:59+00:00","breadcrumb":{"@id":"https:\/\/ldacabamentos.com.br\/blog\/#breadcrumb"},"inLanguage":"pt-BR","potentialAction":[{"@type":"ReadAction","target":["https:\/\/ldacabamentos.com.br\/blog\/"]}]},{"@type":"BreadcrumbList","@id":"https:\/\/ldacabamentos.com.br\/blog\/#breadcrumb","itemListElement":[{"@type":"ListItem","position":1,"name":"In\u00edcio","item":"https:\/\/ldacabamentos.com.br\/blog\/"},{"@type":"ListItem","position":2,"name":"Home"}]},{"@type":"WebSite","@id":"https:\/\/ldacabamentos.com.br\/blog\/#website","url":"https:\/\/ldacabamentos.com.br\/blog\/","name":"Blog Linha Direta","description":"","publisher":{"@id":"https:\/\/ldacabamentos.com.br\/blog\/#organization"},"potentialAction":[{"@type":"SearchAction","target":{"@type":"EntryPoint","urlTemplate":"https:\/\/ldacabamentos.com.br\/blog\/?s={search_term_string}"},"query-input":{"@type":"PropertyValueSpecification","valueRequired":true,"valueName":"search_term_string"}}],"inLanguage":"pt-BR"},{"@type":"Organization","@id":"https:\/\/ldacabamentos.com.br\/blog\/#organization","name":"Blog Linha Direta","url":"https:\/\/ldacabamentos.com.br\/blog\/","logo":{"@type":"ImageObject","inLanguage":"pt-BR","@id":"https:\/\/ldacabamentos.com.br\/blog\/#\/schema\/logo\/image\/","url":"https:\/\/ldacabamentos.com.br\/blog\/wp-content\/uploads\/2021\/06\/cropped-cropped-Linha-Direta2-2.png","contentUrl":"https:\/\/ldacabamentos.com.br\/blog\/wp-content\/uploads\/2021\/06\/cropped-cropped-Linha-Direta2-2.png","width":1500,"height":592,"caption":"Blog Linha Direta"},"image":{"@id":"https:\/\/ldacabamentos.com.br\/blog\/#\/schema\/logo\/image\/"},"sameAs":["https:\/\/www.facebook.com\/LDacabamentos\/","https:\/\/www.instagram.com\/linhadiretaacabamentos\/"]}]}},"_links":{"self":[{"href":"https:\/\/ldacabamentos.com.br\/blog\/wp-json\/wp\/v2\/pages\/89","targetHints":{"allow":["GET"]}}],"collection":[{"href":"https:\/\/ldacabamentos.com.br\/blog\/wp-json\/wp\/v2\/pages"}],"about":[{"href":"https:\/\/ldacabamentos.com.br\/blog\/wp-json\/wp\/v2\/types\/page"}],"author":[{"embeddable":true,"href":"https:\/\/ldacabamentos.com.br\/blog\/wp-json\/wp\/v2\/users\/1"}],"replies":[{"embeddable":true,"href":"https:\/\/ldacabamentos.com.br\/blog\/wp-json\/wp\/v2\/comments?post=89"}],"version-history":[{"count":4,"href":"https:\/\/ldacabamentos.com.br\/blog\/wp-json\/wp\/v2\/pages\/89\/revisions"}],"predecessor-version":[{"id":256,"href":"https:\/\/ldacabamentos.com.br\/blog\/wp-json\/wp\/v2\/pages\/89\/revisions\/256"}],"wp:attachment":[{"href":"https:\/\/ldacabamentos.com.br\/blog\/wp-json\/wp\/v2\/media?parent=89"}],"curies":[{"name":"wp","href":"https:\/\/api.w.org\/{rel}","templated":true}]}}